{"id":172,"date":"2022-10-13T12:22:28","date_gmt":"2022-10-13T10:22:28","guid":{"rendered":"https:\/\/canterasguinea.com\/?page_id=172"},"modified":"2024-10-01T10:36:18","modified_gmt":"2024-10-01T08:36:18","slug":"politica-de-cookies","status":"publish","type":"page","link":"https:\/\/canterasguinea.com\/en\/politica-de-cookies\/","title":{"rendered":"Pol\u00edtica de cookies"},"content":{"rendered":"<p>En esta web recopilamos y utilizamos la informaci\u00f3n seg\u00fan indicamos en nuestra pol\u00edtica de privacidad. Una de las formas en las que recopilamos informaci\u00f3n es a trav\u00e9s del uso de la tecnolog\u00eda llamada \u201ccookies\u201d. En canterasguinea.com, utilizamos cookies para varias cosas.<\/p>\n\n\n\n<h2 class=\"wp-block-heading\" id=\"que-es-una-cookie\">\u00bfQu\u00e9 es una cookie?<\/h2>\n\n\n\n<p>Una \u201ccookie\u201d es una peque\u00f1a cantidad de texto que se almacena en tu navegador <em>(p.ej. Chrome de Google o Safari de Apple)<\/em> cuando navegas por la mayor\u00eda de los sitios web.<\/p>\n\n\n\n<h2 class=\"wp-block-heading\" id=\"aceptacion-de-cookies\">Aceptaci\u00f3n de cookies<\/h2>\n\n\n\n<p>Al acceder a este sitio web o aplicaci\u00f3n por primera vez, aparecer\u00e1 una advertencia donde se le informa de la utilizaci\u00f3n de las cookies y donde se puede consultar esta pol\u00edtica de cookies.&nbsp;<\/p>\n\n\n\n<p>No se descargar\u00e1 ninguna cookie hasta que el usuario no consienta expresamente la instalaci\u00f3n de las cookies. Si el usuario consiente la utilizaci\u00f3n de cookies, se realizar\u00e1 la instalaci\u00f3n de las mismas en su equipo o dispositivo.<\/p>\n\n\n\n<p>Adem\u00e1s del uso de nuestras cookies propias, permitimos a terceros establecer cookies y acceder a ellas en su dispositivo.<\/p>\n\n\n\n<h2 class=\"wp-block-heading\" id=\"que-informacion-almacena-una-cookie\">\u00bfQu\u00e9 informaci\u00f3n almacena una cookie?<\/h2>\n\n\n\n<p>Las cookies no suelen almacenar informaci\u00f3n sensible sobre usted, como tarjetas de cr\u00e9dito o datos bancarios, fotograf\u00edas o informaci\u00f3n personal, etc. Los datos que guardan son de car\u00e1cter t\u00e9cnico, estad\u00edsticos, preferencias personales, personalizaci\u00f3n de contenidos, etc.<\/p>\n\n\n\n<h2 class=\"wp-block-heading\" id=\"que-tipo-de-cookies-existen\">\u00bfQu\u00e9 tipo de cookies existen?<\/h2>\n\n\n\n<ul class=\"wp-block-list\">\n<li><strong>Cookies t\u00e9cnicas:<\/strong> Son las m\u00e1s elementales y permiten, entre otras cosas, saber cu\u00e1ndo est\u00e1 navegando un humano o una aplicaci\u00f3n automatizada, cu\u00e1ndo navega un usuario an\u00f3nimo y uno registrado, tareas b\u00e1sicas para el funcionamiento de cualquier web din\u00e1mica.<\/li>\n\n\n\n<li><strong>Cookies de an\u00e1lisis:<\/strong> Recogen informaci\u00f3n sobre el tipo de navegaci\u00f3n que est\u00e1 realizando, las secciones que m\u00e1s utiliza, productos consultados, franja horaria de uso, idioma, etc.<\/li>\n\n\n\n<li><strong>Cookies publicitarias:<\/strong> Muestran publicidad en funci\u00f3n de su navegaci\u00f3n, su pa\u00eds de procedencia, idioma, etc.<\/li>\n<\/ul>\n\n\n\n<h2 class=\"wp-block-heading\" id=\"cookies-aceptadas-por-la-normativa-y-cookies-exceptuadas\">Cookies aceptadas por la normativa y cookies exceptuadas<\/h2>\n\n\n\n<p>Seg\u00fan la directiva de la UE, las cookies que requieren el consentimiento informado por parte del usuario son las cookies de anal\u00edtica, y las de publicidad y afiliaci\u00f3n, quedando exceptuadas las de car\u00e1cter t\u00e9cnico y las necesarias para el funcionamiento del sitio web o la prestaci\u00f3n de servicios expresamente solicitados por el usuario.<\/p>\n\n\n\n<h2 class=\"wp-block-heading\" id=\"que-cookies-utiliza-esta-web\">\u00bfQu\u00e9 cookies utiliza esta web?<\/h2>\n\n\n\n<p>Esta web utiliza cookies propias y de terceros. En este sitio web se utilizan las cookies que se detallan a continuaci\u00f3n:<\/p>\n\n\n\n<h3 class=\"wp-block-heading\" id=\"cookies-propias\">Cookies propias<\/h3>\n\n\n\n<p><strong>Inicio de sesi\u00f3n:<\/strong> Las cookies para iniciar sesi\u00f3n te permiten entrar y salir de tu cuenta de canterasguinea.com.<\/p>\n\n\n\n<p><strong>Personalizaci\u00f3n:<\/strong> Las cookies nos ayudan a recordar con qu\u00e9 personas o sitios web has interactuado, para que podamos mostrarte contenido relacionado.<\/p>\n\n\n\n<p><strong>Preferencias:<\/strong> Las cookies nos permiten recordar tus ajustes y preferencias, como el idioma preferido y tu configuraci\u00f3n de privacidad.<\/p>\n\n\n\n<p><strong>Seguridad: <\/strong>Utilizamos cookies para evitarte riesgos de seguridad. Principalmente para detectar cu\u00e1ndo alguien est\u00e1 intentando piratear tu cuenta de canterasguinea.com.<\/p>\n\n\n\n<h3 class=\"wp-block-heading\" id=\"cookies-de-terceros\"><strong>Cookies de terceros<\/strong><\/h3>\n\n\n\n<p><strong><em>Cookies anal\u00edticas<\/em><\/strong><\/p>\n\n\n\n<p>Esta web utiliza servicios de an\u00e1lisis, concretamente, <em>Google Analytics<\/em> para ayudar al website a analizar el uso que hacen los usuarios del sitio web y mejorar la usabilidad del mismo, pero en ning\u00fan caso se asocian a datos que pudieran llegar a identificar al usuario. Google Analytics es un servicio anal\u00edtico de web prestado por Google Inc. El usuario puede consultar <a href=\"https:\/\/www.google.es\/intl\/es\/policies\/technologies\/types\/\" target=\"_blank\" rel=\"noopener\"><em>aqu\u00ed<\/em><\/a> el tipo de cookies utilizadas por Google.<\/p>\n\n\n\n<h3 class=\"wp-block-heading\" id=\"se-pueden-eliminar-las-cookies\">\u00bfSe pueden eliminar las cookies?<\/h3>\n\n\n\n<p>S\u00ed, y no s\u00f3lo eliminar, tambi\u00e9n bloquear, de forma general o particular para un dominio espec\u00edfico.<\/p>\n\n\n\n<p>Para eliminar las cookies de un sitio web debe ir a la configuraci\u00f3n de su navegador y all\u00ed podr\u00e1 buscar las asociadas al dominio en cuesti\u00f3n y proceder a su eliminaci\u00f3n.<\/p>\n\n\n\n<ul class=\"wp-block-list\">\n<li>Configuraci\u00f3n de cookies para <a href=\"http:\/\/support.google.com\/chrome\/bin\/answer.py?hl=es&amp;answer=95647\" target=\"_blank\" rel=\"noopener\"><em>Google Chrome<\/em><\/a><\/li>\n\n\n\n<li>Configuraci\u00f3n de cookies para <a href=\"https:\/\/support.apple.com\/es-es\/HT201265\" target=\"_blank\" rel=\"noopener\"><em>Apple Safari<\/em><\/a><\/li>\n\n\n\n<li>Configuraci\u00f3n de cookies para <a href=\"https:\/\/support.microsoft.com\/en-us\/help\/17442\/windows-internet-explorer-delete-manage-cookies#ie=ie-10\" target=\"_blank\" rel=\"noopener\"><em>Internet Explorer<\/em><\/a><\/li>\n\n\n\n<li>Configuraci\u00f3n de cookies para <a href=\"https:\/\/support.mozilla.org\/es\/kb\/habilitar-y-deshabilitar-cookies-sitios-web-rastrear-preferencias?redirectlocale=es&amp;redirectslug=habilitar-y-deshabilitar-cookies-que-los-sitios-we\" target=\"_blank\" rel=\"noopener\"><em>Mozilla Firefox<\/em><\/a><\/li>\n<\/ul>\n\n\n\n<h3 class=\"wp-block-heading\" id=\"aceptacion-de-cookies\">Aceptaci\u00f3n de cookies<\/h3>\n\n\n\n<p>Al acceder a este sitio web o aplicaci\u00f3n por primera vez, se mostrar\u00e1 una advertencia donde se informa de la utilizaci\u00f3n de las cookies y donde puede consultar esta pol\u00edtica de cookies. Si el usuario consiente la utilizaci\u00f3n de cookies, se realizar\u00e1 la instalaci\u00f3n de las mismas en su equipo o dispositivo.<\/p>\n\n\n\n<p>Adem\u00e1s del uso de nuestras cookies propias, permitimos a terceros establecer cookies y acceder a ellas en su ordenador. El consentimiento del uso de las cookies de estas empresas est\u00e1 ligado a la navegaci\u00f3n por este sitio web.<\/p>\n\n\n\n<h3 class=\"wp-block-heading\" id=\"mas-informacion-sobre-las-cookies\">M\u00e1s informaci\u00f3n sobre las cookies<\/h3>\n\n\n\n<p>Puedes consultar el reglamento sobre cookies publicado por la Agencia Espa\u00f1ola de Protecci\u00f3n de Datos en su <em>\u201c<\/em><a href=\"https:\/\/www.aepd.es\/sites\/default\/files\/2020-07\/guia-cookies.pdf\" target=\"_blank\" rel=\"noopener\"><em>Gu\u00eda sobre el uso de las cookies\u201d<\/em><\/a> y &nbsp;obtener m\u00e1s informaci\u00f3n sobre las cookies en Internet, <a href=\"http:\/\/www.aboutcookies.org\/\" target=\"_blank\" rel=\"noopener\"><em>http:\/\/www.aboutcookies.org\/<\/em><\/a><\/p>\n\n\n\n<p>Si desea tener un mayor control sobre la instalaci\u00f3n de cookies, puede instalar programas o complementos a su navegador, conocidos como herramientas de <em>\u201cDo Not Track\u201d<\/em>, que le permitir\u00e1n escoger aquellas cookies que desea permitir.<br><br>Esta pol\u00edtica de cookies ha sido actualizada por \u00faltima vez el 01\/10\/2024.<\/p>","protected":false},"excerpt":{"rendered":"<p>En esta web recopilamos y utilizamos la informaci\u00f3n seg\u00fan indicamos en nuestra pol\u00edtica de privacidad. Una de las formas en las que recopilamos informaci\u00f3n es a trav\u00e9s del uso de la tecnolog\u00eda llamada \u201ccookies\u201d. En canterasguinea.com, utilizamos cookies para varias cosas. \u00bfQu\u00e9 es una cookie? Una \u201ccookie\u201d es una peque\u00f1a cantidad de texto que se [&hellip;]<\/p>\n","protected":false},"author":1,"featured_media":0,"parent":0,"menu_order":7,"comment_status":"closed","ping_status":"closed","template":"","meta":{"_acf_changed":false,"footnotes":""},"class_list":["post-172","page","type-page","status-publish","hentry"],"acf":[],"_links":{"self":[{"href":"https:\/\/canterasguinea.com\/en\/wp-json\/wp\/v2\/pages\/172","targetHints":{"allow":["GET"]}}],"collection":[{"href":"https:\/\/canterasguinea.com\/en\/wp-json\/wp\/v2\/pages"}],"about":[{"href":"https:\/\/canterasguinea.com\/en\/wp-json\/wp\/v2\/types\/page"}],"author":[{"embeddable":true,"href":"https:\/\/canterasguinea.com\/en\/wp-json\/wp\/v2\/users\/1"}],"replies":[{"embeddable":true,"href":"https:\/\/canterasguinea.com\/en\/wp-json\/wp\/v2\/comments?post=172"}],"version-history":[{"count":0,"href":"https:\/\/canterasguinea.com\/en\/wp-json\/wp\/v2\/pages\/172\/revisions"}],"wp:attachment":[{"href":"https:\/\/canterasguinea.com\/en\/wp-json\/wp\/v2\/media?parent=172"}],"curies":[{"name":"wp","href":"https:\/\/api.w.org\/{rel}","templated":true}]}}