{"id":42,"date":"2022-08-18T10:55:54","date_gmt":"2022-08-18T08:55:54","guid":{"rendered":"https:\/\/canterasguinea.com\/?page_id=42"},"modified":"2025-07-29T10:15:32","modified_gmt":"2025-07-29T08:15:32","slug":"inicio","status":"publish","type":"page","link":"https:\/\/canterasguinea.com\/en\/","title":{"rendered":"Inicio"},"content":{"rendered":"<div data-elementor-type=\"wp-page\" data-elementor-id=\"42\" class=\"elementor elementor-42\" data-elementor-post-type=\"page\">\n\t\t\t\t<div class=\"elementor-element elementor-element-5e8ebd2 e-flex e-con-boxed elementor-invisible e-con e-parent\" data-id=\"5e8ebd2\" data-element_type=\"container\" data-e-type=\"container\" data-settings=\"{&quot;background_background&quot;:&quot;classic&quot;,&quot;animation&quot;:&quot;fadeIn&quot;}\">\n\t\t\t\t\t<div class=\"e-con-inner\">\n\t\t<div class=\"elementor-element elementor-element-be1c3db e-con-full fc-container-equal e-flex e-con e-child\" data-id=\"be1c3db\" data-element_type=\"container\" data-e-type=\"container\">\n\t\t\t\t<div class=\"elementor-element elementor-element-1d144e2 elementor-widget elementor-widget-heading\" data-id=\"1d144e2\" data-element_type=\"widget\" data-e-type=\"widget\" data-widget_type=\"heading.default\">\n\t\t\t\t<div class=\"elementor-widget-container\">\n\t\t\t\t\t<div class=\"elementor-heading-title elementor-size-default\">Canteras Guinea<\/div>\t\t\t\t<\/div>\n\t\t\t\t<\/div>\n\t\t\t\t<div class=\"elementor-element elementor-element-5af9aca elementor-widget elementor-widget-heading\" data-id=\"5af9aca\" data-element_type=\"widget\" data-e-type=\"widget\" data-widget_type=\"heading.default\">\n\t\t\t\t<div class=\"elementor-widget-container\">\n\t\t\t\t\t<h1 class=\"elementor-heading-title elementor-size-default\">\u00c1ridos de calidad con garant\u00eda de experiencia<\/h1>\t\t\t\t<\/div>\n\t\t\t\t<\/div>\n\t\t\t\t<div class=\"elementor-element elementor-element-af41288 elementor-align-center fc-boton-filled elementor-widget elementor-widget-button\" data-id=\"af41288\" data-element_type=\"widget\" data-e-type=\"widget\" data-widget_type=\"button.default\">\n\t\t\t\t<div class=\"elementor-widget-container\">\n\t\t\t\t\t\t\t\t\t<div class=\"elementor-button-wrapper\">\n\t\t\t\t\t<a class=\"elementor-button elementor-button-link elementor-size-md\" href=\"https:\/\/canterasguinea.com\/en\/servicios-y-materiales\/\">\n\t\t\t\t\t\t<span class=\"elementor-button-content-wrapper\">\n\t\t\t\t\t\t\t\t\t<span class=\"elementor-button-text\">Ver servicios<\/span>\n\t\t\t\t\t<\/span>\n\t\t\t\t\t<\/a>\n\t\t\t\t<\/div>\n\t\t\t\t\t\t\t\t<\/div>\n\t\t\t\t<\/div>\n\t\t\t\t<\/div>\n\t\t\t\t\t<\/div>\n\t\t\t\t<\/div>\n\t\t<div class=\"elementor-element elementor-element-d9f4aca e-con-full fc-container-padding e-flex e-con e-parent\" data-id=\"d9f4aca\" data-element_type=\"container\" data-e-type=\"container\" data-settings=\"{&quot;background_background&quot;:&quot;classic&quot;}\">\n\t\t<div class=\"elementor-element elementor-element-d712e45 e-flex e-con-boxed e-con e-child\" data-id=\"d712e45\" data-element_type=\"container\" data-e-type=\"container\">\n\t\t\t\t\t<div class=\"e-con-inner\">\n\t\t\t\t<div class=\"elementor-element elementor-element-6da2eec elementor-widget elementor-widget-heading\" data-id=\"6da2eec\" data-element_type=\"widget\" data-e-type=\"widget\" data-widget_type=\"heading.default\">\n\t\t\t\t<div class=\"elementor-widget-container\">\n\t\t\t\t\t<div class=\"elementor-heading-title elementor-size-default\">Canteras Guinea<\/div>\t\t\t\t<\/div>\n\t\t\t\t<\/div>\n\t\t\t\t<div class=\"elementor-element elementor-element-9d02644 elementor-widget elementor-widget-heading\" data-id=\"9d02644\" data-element_type=\"widget\" data-e-type=\"widget\" data-widget_type=\"heading.default\">\n\t\t\t\t<div class=\"elementor-widget-container\">\n\t\t\t\t\t<div class=\"elementor-heading-title elementor-size-default\">Desde 1964, tres generaciones dedicadas a la extracci\u00f3n, tratamiento y distribuci\u00f3n de \u00e1ridos para obra civil, construcci\u00f3n y proyectos industriales.<\/div>\t\t\t\t<\/div>\n\t\t\t\t<\/div>\n\t\t\t\t\t<\/div>\n\t\t\t\t<\/div>\n\t\t\t\t<\/div>\n\t\t<div class=\"elementor-element elementor-element-b47bfb6 e-con-full fc-container-padding e-flex e-con e-parent\" data-id=\"b47bfb6\" data-element_type=\"container\" data-e-type=\"container\" data-settings=\"{&quot;background_background&quot;:&quot;classic&quot;}\">\n\t\t<div class=\"elementor-element elementor-element-1129c2e e-flex e-con-boxed e-con e-child\" data-id=\"1129c2e\" data-element_type=\"container\" data-e-type=\"container\">\n\t\t\t\t\t<div class=\"e-con-inner\">\n\t\t<div class=\"elementor-element elementor-element-4e7963d fc-container-col e-flex e-con-boxed e-con e-child\" data-id=\"4e7963d\" data-element_type=\"container\" data-e-type=\"container\">\n\t\t\t\t\t<div class=\"e-con-inner\">\n\t\t\t\t<div class=\"elementor-element elementor-element-e7ed516 elementor-widget elementor-widget-heading\" data-id=\"e7ed516\" data-element_type=\"widget\" data-e-type=\"widget\" data-widget_type=\"heading.default\">\n\t\t\t\t<div class=\"elementor-widget-container\">\n\t\t\t\t\t<h2 class=\"elementor-heading-title elementor-size-default\">Qui\u00e9nes somos<\/h2>\t\t\t\t<\/div>\n\t\t\t\t<\/div>\n\t\t\t\t<div class=\"elementor-element elementor-element-6c0c592 elementor-widget elementor-widget-text-editor\" data-id=\"6c0c592\" data-element_type=\"widget\" data-e-type=\"widget\" data-widget_type=\"text-editor.default\">\n\t\t\t\t<div class=\"elementor-widget-container\">\n\t\t\t\t\t\t\t\t\t<p>En <strong data-start=\"548\" data-end=\"578\">Canteras Guinea Hnos, S.L.<\/strong> llevamos m\u00e1s de 60 a\u00f1os ofreciendo soluciones fiables en el sector de los \u00e1ridos. Fundada en 1964 y gestionada por la tercera generaci\u00f3n familiar, nuestra empresa se ha consolidado como referente por la calidad de nuestros materiales y el compromiso con nuestros clientes.<\/p><p>Trabajamos con un equipo profesional altamente cualificado y maquinaria especializada para garantizar un servicio eficiente, seguro y a la altura de cada proyecto.<\/p><p>Estamos ubicados en Suzana, junto a Miranda de Ebro (Burgos).<\/p>\t\t\t\t\t\t\t\t<\/div>\n\t\t\t\t<\/div>\n\t\t\t\t\t<\/div>\n\t\t\t\t<\/div>\n\t\t<div class=\"elementor-element elementor-element-617cd6e fc-container-col e-flex e-con-boxed e-con e-child\" data-id=\"617cd6e\" data-element_type=\"container\" data-e-type=\"container\">\n\t\t\t\t\t<div class=\"e-con-inner\">\n\t\t\t\t<div class=\"elementor-element elementor-element-acfdd9b elementor-widget elementor-widget-image\" data-id=\"acfdd9b\" data-element_type=\"widget\" data-e-type=\"widget\" data-widget_type=\"image.default\">\n\t\t\t\t<div class=\"elementor-widget-container\">\n\t\t\t\t\t\t\t\t\t\t\t\t\t\t\t<img fetchpriority=\"high\" decoding=\"async\" width=\"800\" height=\"600\" src=\"https:\/\/canterasguinea.com\/wp-content\/uploads\/2025\/07\/cg-home-quienes-somos-1753269198.jpg\" class=\"attachment-large size-large wp-image-1918\" alt=\"Cg Home Quienes Somos\" srcset=\"https:\/\/canterasguinea.com\/wp-content\/uploads\/2025\/07\/cg-home-quienes-somos-1753269198.jpg 900w, https:\/\/canterasguinea.com\/wp-content\/uploads\/2025\/07\/cg-home-quienes-somos-1753269198-300x225.jpg 300w, https:\/\/canterasguinea.com\/wp-content\/uploads\/2025\/07\/cg-home-quienes-somos-1753269198-768x576.jpg 768w, https:\/\/canterasguinea.com\/wp-content\/uploads\/2025\/07\/cg-home-quienes-somos-1753269198-16x12.jpg 16w\" sizes=\"(max-width: 800px) 100vw, 800px\" \/>\t\t\t\t\t\t\t\t\t\t\t\t\t\t\t<\/div>\n\t\t\t\t<\/div>\n\t\t\t\t\t<\/div>\n\t\t\t\t<\/div>\n\t\t\t\t\t<\/div>\n\t\t\t\t<\/div>\n\t\t\t\t<\/div>\n\t\t<div class=\"elementor-element elementor-element-58e57a4 e-con-full fc-container-padding e-flex e-con e-parent\" data-id=\"58e57a4\" data-element_type=\"container\" data-e-type=\"container\" data-settings=\"{&quot;background_background&quot;:&quot;classic&quot;}\">\n\t\t<div class=\"elementor-element elementor-element-ddc4ebb e-flex e-con-boxed e-con e-child\" data-id=\"ddc4ebb\" data-element_type=\"container\" data-e-type=\"container\">\n\t\t\t\t\t<div class=\"e-con-inner\">\n\t\t<div class=\"elementor-element elementor-element-2ced035 fc-container-col e-flex e-con-boxed e-con e-child\" data-id=\"2ced035\" data-element_type=\"container\" data-e-type=\"container\">\n\t\t\t\t\t<div class=\"e-con-inner\">\n\t\t\t\t<div class=\"elementor-element elementor-element-2cefcd2 elementor-widget elementor-widget-heading\" data-id=\"2cefcd2\" data-element_type=\"widget\" data-e-type=\"widget\" data-widget_type=\"heading.default\">\n\t\t\t\t<div class=\"elementor-widget-container\">\n\t\t\t\t\t<h2 class=\"elementor-heading-title elementor-size-default\">Qu\u00e9 ofrecemos<\/h2>\t\t\t\t<\/div>\n\t\t\t\t<\/div>\n\t\t\t\t<div class=\"elementor-element elementor-element-7a78578 elementor-widget elementor-widget-text-editor\" data-id=\"7a78578\" data-element_type=\"widget\" data-e-type=\"widget\" data-widget_type=\"text-editor.default\">\n\t\t\t\t<div class=\"elementor-widget-container\">\n\t\t\t\t\t\t\t\t\t<p data-start=\"185\" data-end=\"476\">Proporcionamos <strong data-start=\"200\" data-end=\"226\">\u00e1ridos de alta calidad<\/strong>, tanto a granel como ensacados, adem\u00e1s de servicios de <strong data-start=\"282\" data-end=\"307\">movimiento de tierras<\/strong>, <strong data-start=\"309\" data-end=\"325\">excavaciones<\/strong> y <strong data-start=\"328\" data-end=\"356\">transporte especializado<\/strong>. Nos adaptamos a las necesidades de cada obra, ofreciendo soluciones completas, desde el suministro hasta la log\u00edstica.<\/p><p data-start=\"478\" data-end=\"772\">Tambi\u00e9n disponemos de una amplia variedad de <strong data-start=\"523\" data-end=\"544\">materiales \u00e1ridos<\/strong>, naturales y reciclados, con distintas granulometr\u00edas para todo tipo de usos en construcci\u00f3n, relleno o nivelaci\u00f3n. Todos nuestros productos cumplen con estrictos controles de calidad y est\u00e1n disponibles para entrega inmediata.<\/p>\t\t\t\t\t\t\t\t<\/div>\n\t\t\t\t<\/div>\n\t\t<div class=\"elementor-element elementor-element-f14178d e-con-full e-flex e-con e-child\" data-id=\"f14178d\" data-element_type=\"container\" data-e-type=\"container\">\n\t\t\t\t<div class=\"elementor-element elementor-element-b199118 elementor-widget__width-auto elementor-widget elementor-widget-button\" data-id=\"b199118\" data-element_type=\"widget\" data-e-type=\"widget\" data-widget_type=\"button.default\">\n\t\t\t\t<div class=\"elementor-widget-container\">\n\t\t\t\t\t\t\t\t\t<div class=\"elementor-button-wrapper\">\n\t\t\t\t\t<a class=\"elementor-button elementor-button-link elementor-size-sm\" href=\"https:\/\/canterasguinea.com\/en\/servicios-y-materiales\/\">\n\t\t\t\t\t\t<span class=\"elementor-button-content-wrapper\">\n\t\t\t\t\t\t\t\t\t<span class=\"elementor-button-text\">Servicios y materiales<\/span>\n\t\t\t\t\t<\/span>\n\t\t\t\t\t<\/a>\n\t\t\t\t<\/div>\n\t\t\t\t\t\t\t\t<\/div>\n\t\t\t\t<\/div>\n\t\t\t\t<\/div>\n\t\t\t\t\t<\/div>\n\t\t\t\t<\/div>\n\t\t<div class=\"elementor-element elementor-element-508a68e fc-container-col e-flex e-con-boxed e-con e-child\" data-id=\"508a68e\" data-element_type=\"container\" data-e-type=\"container\">\n\t\t\t\t\t<div class=\"e-con-inner\">\n\t\t\t\t<div class=\"elementor-element elementor-element-1810738 elementor-widget elementor-widget-image\" data-id=\"1810738\" data-element_type=\"widget\" data-e-type=\"widget\" data-widget_type=\"image.default\">\n\t\t\t\t<div class=\"elementor-widget-container\">\n\t\t\t\t\t\t\t\t\t\t\t\t\t\t\t<img decoding=\"async\" width=\"800\" height=\"600\" src=\"https:\/\/canterasguinea.com\/wp-content\/uploads\/2025\/07\/cg-home-servicios-1753269200.jpg\" class=\"attachment-large size-large wp-image-1919\" alt=\"Cg Home Servicios\" srcset=\"https:\/\/canterasguinea.com\/wp-content\/uploads\/2025\/07\/cg-home-servicios-1753269200.jpg 900w, https:\/\/canterasguinea.com\/wp-content\/uploads\/2025\/07\/cg-home-servicios-1753269200-300x225.jpg 300w, https:\/\/canterasguinea.com\/wp-content\/uploads\/2025\/07\/cg-home-servicios-1753269200-768x576.jpg 768w, https:\/\/canterasguinea.com\/wp-content\/uploads\/2025\/07\/cg-home-servicios-1753269200-16x12.jpg 16w\" sizes=\"(max-width: 800px) 100vw, 800px\" \/>\t\t\t\t\t\t\t\t\t\t\t\t\t\t\t<\/div>\n\t\t\t\t<\/div>\n\t\t\t\t\t<\/div>\n\t\t\t\t<\/div>\n\t\t\t\t\t<\/div>\n\t\t\t\t<\/div>\n\t\t\t\t<\/div>\n\t\t<div class=\"elementor-element elementor-element-14e3cf3 e-flex e-con-boxed e-con e-parent\" data-id=\"14e3cf3\" data-element_type=\"container\" data-e-type=\"container\" data-settings=\"{&quot;background_background&quot;:&quot;classic&quot;}\">\n\t\t\t\t\t<div class=\"e-con-inner\">\n\t\t<div class=\"elementor-element elementor-element-819145b fc-container-equal e-flex e-con-boxed e-con e-child\" data-id=\"819145b\" data-element_type=\"container\" data-e-type=\"container\" data-settings=\"{&quot;background_background&quot;:&quot;classic&quot;}\">\n\t\t\t\t\t<div class=\"e-con-inner\">\n\t\t\t\t<div class=\"elementor-element elementor-element-1e53d91 elementor-widget elementor-widget-heading\" data-id=\"1e53d91\" data-element_type=\"widget\" data-e-type=\"widget\" data-widget_type=\"heading.default\">\n\t\t\t\t<div class=\"elementor-widget-container\">\n\t\t\t\t\t<div class=\"elementor-heading-title elementor-size-default\">Canteras Guinea<\/div>\t\t\t\t<\/div>\n\t\t\t\t<\/div>\n\t\t\t\t<div class=\"elementor-element elementor-element-ade4f66 elementor-widget elementor-widget-heading\" data-id=\"ade4f66\" data-element_type=\"widget\" data-e-type=\"widget\" data-widget_type=\"heading.default\">\n\t\t\t\t<div class=\"elementor-widget-container\">\n\t\t\t\t\t<h2 class=\"elementor-heading-title elementor-size-default\">Confianza, calidad y cercan\u00eda\n<\/h2>\t\t\t\t<\/div>\n\t\t\t\t<\/div>\n\t\t\t\t<div class=\"elementor-element elementor-element-a8bbddb elementor-widget elementor-widget-text-editor\" data-id=\"a8bbddb\" data-element_type=\"widget\" data-e-type=\"widget\" data-widget_type=\"text-editor.default\">\n\t\t\t\t<div class=\"elementor-widget-container\">\n\t\t\t\t\t\t\t\t\t<p data-start=\"1386\" data-end=\"1634\">Nuestros clientes conf\u00edan en nosotros por nuestra <strong data-start=\"1436\" data-end=\"1451\">experiencia<\/strong>, nuestra <strong data-start=\"1461\" data-end=\"1484\">capacidad operativa<\/strong> y por el <strong data-start=\"1494\" data-end=\"1521\">trato directo y cercano<\/strong> que ofrecemos en cada proyecto. Trabajamos para que cada entrega cumpla con los m\u00e1s altos est\u00e1ndares de calidad.<\/p>\t\t\t\t\t\t\t\t<\/div>\n\t\t\t\t<\/div>\n\t\t\t\t\t<\/div>\n\t\t\t\t<\/div>\n\t\t\t\t\t<\/div>\n\t\t\t\t<\/div>\n\t\t\t\t<\/div>","protected":false},"excerpt":{"rendered":"<p>Canteras Guinea \u00c1ridos de calidad con garant\u00eda de experiencia Ver servicios Canteras Guinea Desde 1964, tres generaciones dedicadas a la extracci\u00f3n, tratamiento y distribuci\u00f3n de \u00e1ridos para obra civil, construcci\u00f3n y proyectos industriales. Qui\u00e9nes somos En Canteras Guinea Hnos, S.L. llevamos m\u00e1s de 60 a\u00f1os ofreciendo soluciones fiables en el sector de los \u00e1ridos. Fundada [&hellip;]<\/p>\n","protected":false},"author":1,"featured_media":1864,"parent":0,"menu_order":2,"comment_status":"closed","ping_status":"closed","template":"","meta":{"_acf_changed":false,"footnotes":""},"class_list":["post-42","page","type-page","status-publish","has-post-thumbnail","hentry"],"acf":[],"_links":{"self":[{"href":"https:\/\/canterasguinea.com\/en\/wp-json\/wp\/v2\/pages\/42","targetHints":{"allow":["GET"]}}],"collection":[{"href":"https:\/\/canterasguinea.com\/en\/wp-json\/wp\/v2\/pages"}],"about":[{"href":"https:\/\/canterasguinea.com\/en\/wp-json\/wp\/v2\/types\/page"}],"author":[{"embeddable":true,"href":"https:\/\/canterasguinea.com\/en\/wp-json\/wp\/v2\/users\/1"}],"replies":[{"embeddable":true,"href":"https:\/\/canterasguinea.com\/en\/wp-json\/wp\/v2\/comments?post=42"}],"version-history":[{"count":5,"href":"https:\/\/canterasguinea.com\/en\/wp-json\/wp\/v2\/pages\/42\/revisions"}],"predecessor-version":[{"id":2062,"href":"https:\/\/canterasguinea.com\/en\/wp-json\/wp\/v2\/pages\/42\/revisions\/2062"}],"wp:featuredmedia":[{"embeddable":true,"href":"https:\/\/canterasguinea.com\/en\/wp-json\/wp\/v2\/media\/1864"}],"wp:attachment":[{"href":"https:\/\/canterasguinea.com\/en\/wp-json\/wp\/v2\/media?parent=42"}],"curies":[{"name":"wp","href":"https:\/\/api.w.org\/{rel}","templated":true}]}}